{"id":589,"date":"2021-03-14T14:40:26","date_gmt":"2021-03-14T05:40:26","guid":{"rendered":"https:\/\/icac.work\/public\/?page_id=589"},"modified":"2025-01-28T10:14:42","modified_gmt":"2025-01-28T01:14:42","slug":"about","status":"publish","type":"page","link":"https:\/\/icac.or.jp\/public\/about\/","title":{"rendered":"\u7814\u7a76\u6240\u306b\u3064\u3044\u3066"},"content":{"rendered":"<div id=\"contents_top_image\"><img decoding=\"async\" src=\"https:\/\/icac.or.jp\/public\/wp-content\/uploads\/2021\/03\/cat_main_about.jpg\"> <div class=\"su-animate\" style=\"opacity:0;-webkit-animation-duration:1s;-webkit-animation-delay:0s;animation-duration:1s;animation-delay:0s;\" data-animation=\"fadeIn\" data-duration=\"1\" data-delay=\"0\"><h1 class=\"contents_top_title noto_se\">\u7814\u7a76\u6240\u306b\u3064\u3044\u3066<\/h1><h2 class=\"contents_top_title_sub noto_se\">About the Institute<\/h2><\/div><\/div><h2 id=\"goaisatsu\" class=\"ttl_h2\">\u3054\u6328\u62f6Director Message<\/h2><p class=\"jp_txt\">\u5343\u7e3d\u6587\u5316\u7814\u7a76\u6240\u306f\u3001\u5343\u7e3d\u304c\u6301\u3064\u67d3\u7e54\u6280\u8853\u3001\u7f8e\u8853\u54c1\u3001\u6b74\u53f2\u8cc7\u6599\u3068\u3044\u3063\u305f\u69d8\u3005\u306a\u6709\u5f62\u30fb\u7121\u5f62\u306e\u6587\u5316\u8ca1\u3092\u591a\u89d2\u7684\u306b\u6349\u3048\u3001\u65b0\u305f\u306a\u4fa1\u5024\u306e\u5275\u9020\u3068\u6587\u5316\u82b8\u8853\u306e\u632f\u8208\u3078\u306e\u5bc4\u4e0e\u3092\u76ee\u6307\u3057\u8a2d\u7acb\u3055\u308c\u307e\u3057\u305f\u3002<br><br>\u5343\u7e3d\u304c\u300c\u7814\u7a76\u6240\u300d\u3092\u5275\u8a2d\u3044\u305f\u3057\u307e\u3059\u306e\u306f\u3001460\u4f59\u5e74\u306e\u6b74\u53f2\u306e\u4e2d\u3067\u3001\uff12\u5ea6\u76ee\u3067\u3042\u308a\u307e\u3059\u3002\u4e00\u5ea6\u76ee\u306f\u7b2c\u4e8c\u6b21\u4e16\u754c\u5927\u6226\u4e0b\u30011940\u5e74\u306b\u300c\u5962\u4f88\u54c1\u7b49\u88fd\u9020\u8ca9\u58f2\u5236\u9650\u898f\u5247\u300d\u304c\u767a\u5e03\u3055\u308c\u305f\u3053\u3068\u3092\u53d7\u3051\u3066\u3064\u304f\u3089\u308c\u305f\u300c\u897f\u6751\u7e3d\u67d3\u7e54\u7814\u7a76\u6240\u300d\u3067\u3057\u305f\u3002\u8d05\u6ca2\u306a\u3082\u306e\u3092\u4f5c\u308c\u306a\u3044\u3001\u58f2\u308c\u306a\u3044\u6642\u4ee3\u306b\u8077\u4eba\u306e\u6280\u8853\u3068\u751f\u6d3b\u3092\u5b88\u308b\u305f\u3081\u306b\u3001\u653f\u5e9c\u306e\u8a31\u53ef\u3092\u5f97\u3066\u7814\u7a76\u6240\u3092\u8a2d\u7acb\u3057\u3001\u9650\u3089\u308c\u305f\u8cc7\u6750\u3092\u6295\u3058\u3066\u3082\u306e\u3065\u304f\u308a\u3092\u7d9a\u3051\u307e\u3057\u305f\u3002<br>\u6628\u4eca\u306f\u3001\u6ea2\u308c\u308b\u307b\u3069\u306b\u30e2\u30ce\u304c\u8c4a\u304b\u306a\u6642\u4ee3\u306b\u3042\u308a\u3001\u4eba\u3084\u30e2\u30ce\u306e\u4ea4\u6d41\u3082\u4e00\u5c64\u30b0\u30ed\u30fc\u30d0\u30eb\u306b\u306a\u308a\u3001\u4eba\u3005\u306e\u4fa1\u5024\u3082\u591a\u69d8\u5316\u3057\u3066\u3044\u307e\u3059\u3002\u3055\u3089\u306b\u4eba\u5de5\u77e5\u80fd\u306e\u6025\u901f\u306a\u767a\u5c55\u306b\u4f34\u3044\u3001\u4eba\u306e\u6587\u660e\u306f\u5927\u304d\u306a\u5909\u9769\u306e\u6642\u3092\u8fce\u3048\u3066\u3044\u307e\u3059\u3002<br><br>\u4f1d\u7d71\u306f\u5b88\u308b\u3082\u306e\u3067\u306f\u306a\u304f\u3001\u5275\u308b\u3082\u306e\u3067\u3042\u308a\u307e\u3059\u3002\u5343\u7e3d\u6587\u5316\u7814\u7a76\u6240\u306f\u3001\u7814\u7a76\u8005\u3001\u6280\u8853\u8005\u3001\u30a2\u30fc\u30c6\u30a3\u30b9\u30c8\u3068\u3068\u3082\u306b\u3001\u5b66\u554f\u3084\u7523\u696d\u306e\u5206\u91ce\u3092\u6a2a\u65ad\u3059\u308b\u77e5\u3068\u5275\u9020\u306e\u30d7\u30e9\u30c3\u30c8\u30db\u30fc\u30e0\u3092\u7bc9\u304d\u3001\u65e5\u672c\u306e\u6587\u5316\u3092\u672a\u6765\u3078\u3064\u306a\u3044\u3067\u53c2\u308a\u307e\u3059\u3002<br><br>\u4ee3\u8868\u7406\u4e8b\u3000\u897f\u6751 \u7e3d\u5de6\u885b\u9580<\/p><p class=\"en_txt\">The Institute for Chiso Arts and Culture was established with the aim of striving to create new values and promote cultural arts by taking a multifaceted view of Chiso&#8217;s various tangible and intangible cultural property such as textiles, art works, historical documents.<br><br>The Institute for Chiso Arts and Culture is a second institute founded by Chiso. The first institute, Nishimura S\u014d Senshoku Kenky\u016bsho, was founded during World War II in response to the issuance of <em>Shashihin T\u014d Seiz\u014d Hanbai Seigen Kisoku<\/em> (regulations restricting the production and sale of luxury items) in 1940. To protect the livelihood of the artisans and their techniques during the time when producing and selling luxury items were prohibited. Chiso founded the first institute under the approval of Government and continued to manufacture goods with scarce materials.<br><br>Today we live in the time with abundant consumer goods and people with more diverse values as people and things interact far more globally. Additionally, artificial intelligence that is undergoing rapid advances is now about to revolutionize our civilization.<br><br>Tradition is not something that is simply to be preserved, but is something to be created.<br>The Institute for Chiso Arts and Culture, together with researchers, engineers, and artists will provide a platform of knowledge and creativity crossing the boundaries of academic and industrial fields to pass down the Japanese culture to the future generations.<br><br>Nishimura S\u014dzaemon<br>Representative Director,<br>Institute for Chiso Arts and Culture<\/p><h2 id=\"katsudou\" class=\"ttl_h2\">\u6d3b\u52d5\u5185\u5bb9Missions<\/h2><p class=\"jp_txt\">\u6d3b\u52d5\u65b9\u91dd\u3000Vision<br><br>\u5343\u7e3d\u6587\u5316\u7814\u7a76\u6240\u306f\u3001\u300c\u4eac\u90fd\u300d\u300c\u6280\u8853\u300d\u300c\u7f8e\u300d\u306e\u4e09\u3064\u306e\u30c6\u30fc\u30de\u3092\u67f1\u3068\u3057\u3001\u8abf\u67fb\u7814\u7a76\u3001\u6559\u80b2\u666e\u53ca\u6d3b\u52d5\u3092\u5b9f\u65bd\u3057\u3066\u3044\u307e\u3059\u3002<br><br>\u5343\u7e3d\u306f\u5275\u696d\u4ee5\u6765\u300c\u4eac\u90fd\u300d\u306b\u304a\u3044\u3066\u3001\u753a\u653f\u3092\u62c5\u3063\u305f\u308a\u3001\u4eac\u90fd\u753b\u58c7\u3068\u67d3\u7e54\u54c1\u306e\u5171\u540c\u88fd\u4f5c\u306b\u53d6\u308a\u7d44\u3093\u3060\u308a\u3068\u3001\u300c\u4eac\u90fd\u300d\u306e\u6587\u5316\u3068\u753a\u306e\u767a\u5c55\u3068\u3068\u3082\u306b\u6b69\u3093\u3067\u304d\u307e\u3057\u305f\u3002\u305d\u3057\u3066\u5bae\u5bb6\u3001\u5bfa\u9662\u306b\u88c5\u675f\u3092\u7d0d\u3081\u308b\u6cd5\u8863\u5546\u304b\u3089\u53cb\u7985\u67d3\u306e\u7740\u7269\u3092\u624b\u639b\u3051\u308b\u5449\u670d\u5546\u3078\u3068\u3001\u5546\u3044\u306e\u8ef8\u8db3\u3092\u5909\u3048\u306a\u304c\u3089\u3082\u300c\u7f8e\u300d\u3092\u6c42\u3081\u3001\u67d3\u7e54\u306e\u300c\u6280\u8853\u300d\u3092\u7d99\u627f\u3057\u3066\u304d\u307e\u3057\u305f\u3002\u305d\u306e\u8ecc\u8de1\u3092\u8fbf\u308b\u3068\u3001\u300c\u4eac\u90fd\u300d\u300c\u6280\u8853\u300d\u300c\u7f8e\u300d\u306e\u4e09\u3064\u304c\u3001\u4e92\u3044\u306b\u5bc6\u63a5\u306b\u7d50\u3073\u3064\u304d\u306a\u304c\u3089\u3001\u305d\u308c\u305e\u308c\u304c\u7a2e\u3005\u306e\u5b66\u554f\u3084\u7523\u696d\u5206\u91ce\u3068\u95a2\u4fc2\u3057\u3042\u3063\u3066\u3044\u308b\u3053\u3068\u304c\u898b\u3048\u3066\u304d\u307e\u3059\u3002<br><br>\u300c\u4eac\u90fd\u300d\u300c\u6280\u8853\u300d\u300c\u7f8e\u300d\u3092\u67f1\u306b\u5343\u7e3d\u306e\u6709\u5f62\u30fb\u7121\u5f62\u306e\u6587\u5316\u8ca1\u3092\u5305\u62ec\u7684\u306b\u7814\u7a76\u3059\u308b\u3053\u3068\u304c\u3001\u4e00\u3064\u306e\u5c02\u9580\u5206\u91ce\u304b\u3089\u8abf\u67fb\u3059\u308b\u3060\u3051\u3067\u306f\u898b\u3048\u306b\u304f\u3044\u7269\u4e8b\u306e\u95a2\u4fc2\u6027\u3092\u7d10\u89e3\u304d\u3001\u6587\u5316\u3068\u793e\u4f1a\u306e\u3064\u306a\u304c\u308a\u3092\u6d6e\u304d\u5f6b\u308a\u306b\u3059\u308b\u3053\u3068\u306b\u7e4b\u304c\u308a\u307e\u3059\u3002\u305d\u3057\u3066\u3001\u305d\u306e\u7814\u7a76\u6210\u679c\u3092\u7686\u69d8\u3068\u5171\u306b\u8003\u3048\u3001\u793e\u4f1a\u3078\u9084\u5143\u3057\u3066\u3044\u304f\u3053\u3068\u3067\u3001\u65b0\u305f\u306a\u6587\u5316\u306e\u5275\u9020\u3092\u76ee\u6307\u3057\u307e\u3059\u3002<\/p><p class=\"en_txt en_txt2\">The Institute for Chiso Arts and Culture conducts researches and educational activities based on the three research themes: Kyoto, technique, and beauty. <br><br>Since its establishment, Chiso has developed together with the culture and community of Kyoto by serving its role in administering town and collaborating with artist of Kyoto painting circle in the production of textiles. While changing the focus of its business from a religious vestments merchant who delivered costumes to the imperial family and temples to a kimono merchant who products <em>y\u016bzen<\/em>-dyed kimono, Chiso continued to pursue beauty and pass on the techniques of textile products. Following the track of its history, we can see that the three themes of the Institute, Kyoto, techniques, and beauty closely relate to one another, and each gets involved in various disciplines and industrial fields.<br><br>Comprehensive studies of Chiso&#8217;s tangible and intangible cultural properties based on the themes of Kyoto, techniques and beauty will help to unravel the relationships between things that are hardly found by a single perspective. We also aim to create a new culture by considering the results of such researches together with everyone and returning them to society.<\/p><h3 id=\"jisseki\" class=\"ttl_h3\">\u6d3b\u52d5\u5b9f\u7e3eActivity Reports<\/h3><p class=\"mb50\"><a class=\"pdf_btn\" href=\"https:\/\/icac.or.jp\/public\/wp-content\/uploads\/2024\/05\/jisseki_2022.pdf\" target=\"_blank\" rel=\"noopener\"><i class=\"fas fa-file-pdf\"><\/i> 2022\u5e74\u5ea6\u6d3b\u52d5\u5b9f\u7e3e\uff08PDF\/815KB\uff09<\/a> <br><a class=\"pdf_btn\" href=\"https:\/\/icac.or.jp\/public\/wp-content\/uploads\/2023\/04\/jisseki_2021.pdf\" target=\"_blank\" rel=\"noopener\"><i class=\"fas fa-file-pdf\"><\/i> 2021\u5e74\u5ea6\u6d3b\u52d5\u5b9f\u7e3e\uff08PDF\/667KB\uff09<\/a> <br><a class=\"pdf_btn\" href=\"https:\/\/icac.or.jp\/public\/wp-content\/uploads\/2022\/05\/jisseki_2020.pdf\" target=\"_blank\" rel=\"noopener\"><i class=\"fas fa-file-pdf\"><\/i> 2020\u5e74\u5ea6\u6d3b\u52d5\u5b9f\u7e3e\uff08PDF\/404KB\uff09<\/a> <br><a class=\"pdf_btn\" href=\"https:\/\/icac.or.jp\/public\/wp-content\/uploads\/2021\/08\/jisseki_2019.pdf\" target=\"_blank\" rel=\"noopener\"><i class=\"fas fa-file-pdf\"><\/i> 2019\u5e74\u5ea6\u6d3b\u52d5\u5b9f\u7e3e\uff08PDF\/537KB\uff09<\/a> <br><a class=\"pdf_btn\" href=\"https:\/\/icac.or.jp\/public\/wp-content\/uploads\/2021\/03\/jisseki_2018.pdf\" target=\"_blank\" rel=\"noopener\"><i class=\"fas fa-file-pdf\"><\/i> 2018\u5e74\u5ea6\u6d3b\u52d5\u5b9f\u7e3e\uff08PDF\/506KB\uff09<\/a> <br><a class=\"pdf_btn\" href=\"https:\/\/icac.or.jp\/public\/wp-content\/uploads\/2021\/03\/jisseki_2017.pdf\" target=\"_blank\" rel=\"noopener\"><i class=\"fas fa-file-pdf\"><\/i> 2017\u5e74\u5ea6\u6d3b\u52d5\u5b9f\u7e3e\uff08PDF\/399KB\uff09<\/a><\/p><h2 id=\"gaiyou\" class=\"ttl_h2\">\u7d44\u7e54\u6982\u8981Overview the Institute<\/h2><table class=\"table_about mb50\"><tbody><tr><th>\u540d\u79f0<\/th><td>\u4e00\u822c\u793e\u56e3\u6cd5\u4eba\u5343\u7e3d\u6587\u5316\u7814\u7a76\u6240<br>Institute for Chiso Arts and Culture<\/td><\/tr><tr><th>\u8a2d\u7acb\u65e5<\/th><td>2017\u5e743\u670830\u65e5&nbsp;<\/td><\/tr><tr><th>\u6240\u5728\u5730<\/th><td>\u3012604-8166<br>\u4eac\u90fd\u5e9c\u4eac\u90fd\u5e02\u4e2d\u4eac\u533a\u4e09\u6761\u901a\u70cf\u4e38\u897f\u5165\u5fa1\u5009\u753a80 \uff08\u682a\uff09\u5343\u7e3d\u5185<br><a href=\"https:\/\/goo.gl\/maps\/wV6jHJJVKFHZDEo79\" target=\"_blank\" rel=\"noopener\"><i class=\"fa fa-map-pin fa-lg \"><\/i> Google Map<\/a><\/td><\/tr><tr><th>\u96fb\u8a71<\/th><td>075-211-2531<\/td><\/tr><tr><th>FAX<\/th><td>075-211-2533<\/td><\/tr><\/tbody><\/table><table class=\"table_about\"><tbody><tr><th>\u4ee3\u8868\u7406\u4e8b<\/th><td>\u4ee3\u8868\u7406\u4e8b \u897f\u6751\u7e3d\u5de6\u885b\u9580<br>\uff08\u682a\u5f0f\u4f1a\u793e\u5343\u7e3d\u30db\u30fc\u30eb\u30c7\u30a3\u30f3\u30b0\u30b9 \u53d6\u7de0\u5f79\u4f1a\u9577\uff09<\/td><\/tr><tr><th>\u7406\u4e8b<\/th><td>\u677e\u5cf6 \u6d69\u9053<br>\uff08\u2f00\u822c\u8ca1\u56e3\u6cd5\u2f08\u2f24\u2f47\u672c\u8695\u2f77\u4f1a \u4f1a\u982d\uff09&nbsp;<br>\u68ee\u53e3 \u90a6\u5f66<br>\uff08\u67d3\u8272\u5bb6\u30fb\u91cd\u8981\u7121\u5f62\u6587\u5316\u8ca1 \u53cb\u7985 \u4fdd\u6301\u8005\uff09&nbsp;<\/td><\/tr><tr><th>\u76e3\u4e8b<\/th><td>\u6cb3\u6dfb \u8c4a\u5f18<br>\uff08\u682a\u5f0f\u4f1a\u793e\u5343\u7e3d\u30db\u30fc\u30eb\u30c7\u30a3\u30f3\u30b0\u30b9 \u7dcf\u52d9\u90e8\u2ed1\uff09&nbsp;<\/td><\/tr><tr><th>\u6240\u9577<\/th><td>\u52a0\u85e4 \u7d50\u7406\u5b50<\/td><\/tr><\/tbody><\/table><h2 id=\"teikan\" class=\"ttl_h2\">\u5b9a\u6b3e<\/h2><p class=\"mb50\"><a class=\"pdf_btn\" href=\"https:\/\/icac.or.jp\/public\/wp-content\/uploads\/2025\/01\/teikan_20250128.pdf\" target=\"_blank\" rel=\"noopener\"><i class=\"fas fa-file-pdf\"><\/i> \u5b9a\u6b3e\uff08PDF\/213KB\uff09<\/a><\/p>","protected":false},"excerpt":{"rendered":"\u3054\u6328\u62f6Director Message\u5343\u7e3d\u6587\u5316\u7814\u7a76\u6240\u306f\u3001\u5343\u7e3d\u304c\u6301\u3064\u67d3\u7e54\u6280\u8853\u3001\u7f8e\u8853\u54c1\u3001\u6b74\u53f2\u8cc7\u6599\u3068\u3044\u3063\u305f\u69d8\u3005\u306a\u6709\u5f62\u30fb\u7121\u5f62\u306e\u6587\u5316\u8ca1\u3092\u591a\u89d2\u7684\u306b\u6349\u3048\u3001\u65b0\u305f\u306a\u4fa1\u5024\u306e\u5275\u9020\u3068\u6587\u5316\u82b8\u8853\u306e\u632f\u8208\u3078\u306e\u5bc4\u4e0e\u3092\u76ee\u6307\u3057\u8a2d\u7acb\u3055\u308c\u307e\u3057\u305f\u3002\u5343\u7e3d\u304c\u300c\u7814\u7a76\u6240\u300d [&hellip;]","protected":false},"author":1,"featured_media":30,"parent":0,"menu_order":1,"comment_status":"closed","ping_status":"closed","template":"","meta":{"_acf_changed":false,"footnotes":""},"class_list":["post-589","page","type-page","status-publish","has-post-thumbnail"],"acf":[],"aioseo_notices":[],"publishpress_future_action":{"enabled":false,"date":"2026-04-20 22:41:39","action":"change-status","newStatus":"draft","terms":[],"taxonomy":""},"publishpress_future_workflow_manual_trigger":{"enabledWorkflows":[]},"_links":{"self":[{"href":"https:\/\/icac.or.jp\/public\/wp-json\/wp\/v2\/pages\/589"}],"collection":[{"href":"https:\/\/icac.or.jp\/public\/wp-json\/wp\/v2\/pages"}],"about":[{"href":"https:\/\/icac.or.jp\/public\/wp-json\/wp\/v2\/types\/page"}],"author":[{"embeddable":true,"href":"https:\/\/icac.or.jp\/public\/wp-json\/wp\/v2\/users\/1"}],"replies":[{"embeddable":true,"href":"https:\/\/icac.or.jp\/public\/wp-json\/wp\/v2\/comments?post=589"}],"version-history":[{"count":90,"href":"https:\/\/icac.or.jp\/public\/wp-json\/wp\/v2\/pages\/589\/revisions"}],"predecessor-version":[{"id":7902,"href":"https:\/\/icac.or.jp\/public\/wp-json\/wp\/v2\/pages\/589\/revisions\/7902"}],"wp:featuredmedia":[{"embeddable":true,"href":"https:\/\/icac.or.jp\/public\/wp-json\/wp\/v2\/media\/30"}],"wp:attachment":[{"href":"https:\/\/icac.or.jp\/public\/wp-json\/wp\/v2\/media?parent=589"}],"curies":[{"name":"wp","href":"https:\/\/api.w.org\/{rel}","templated":true}]}}